{"id":636,"date":"2026-04-21T14:09:21","date_gmt":"2026-04-21T14:09:21","guid":{"rendered":"https:\/\/sialcisas.com\/?page_id=636"},"modified":"2026-04-23T18:04:51","modified_gmt":"2026-04-23T18:04:51","slug":"compradecafe","status":"publish","type":"page","link":"https:\/\/sialcisas.com\/en\/compradecafe\/","title":{"rendered":"Coffee Purchase"},"content":{"rendered":"<div class=\"wp-block-group alignfull has-white-background-color has-background is-layout-constrained wp-block-group-is-layout-constrained\" style=\"padding-top:1.8rem;padding-bottom:1.8rem\">\n<div class=\"wp-block-columns is-layout-flex wp-container-core-columns-is-layout-2709eace wp-block-columns-is-layout-flex\">\n<div class=\"wp-block-column is-layout-flow wp-block-column-is-layout-flow\">\n<div class=\"wp-block-cover has-custom-content-position is-position-top-center\" style=\"border-radius:20px;padding-top:30px;padding-right:30px;padding-bottom:30px;padding-left:30px\"><img loading=\"lazy\" decoding=\"async\" width=\"1024\" height=\"576\" class=\"wp-block-cover__image-background wp-image-1061 size-large\" alt=\"\" src=\"https:\/\/sialcisas.com\/wp-content\/uploads\/2026\/04\/Compra-de-Cafe-1024x576.png\" data-object-fit=\"cover\" srcset=\"https:\/\/sialcisas.com\/wp-content\/uploads\/2026\/04\/Compra-de-Cafe-1024x576.png 1024w, https:\/\/sialcisas.com\/wp-content\/uploads\/2026\/04\/Compra-de-Cafe-300x169.png 300w, https:\/\/sialcisas.com\/wp-content\/uploads\/2026\/04\/Compra-de-Cafe-768x432.png 768w, https:\/\/sialcisas.com\/wp-content\/uploads\/2026\/04\/Compra-de-Cafe-1536x864.png 1536w, https:\/\/sialcisas.com\/wp-content\/uploads\/2026\/04\/Compra-de-Cafe.png 1672w\" sizes=\"auto, (max-width: 1024px) 100vw, 1024px\" \/><span aria-hidden=\"true\" class=\"wp-block-cover__background has-background-dim wp-block-cover__gradient-background has-background-gradient\" style=\"background:linear-gradient(90deg,rgb(0,0,0) 0%,rgba(255,255,255,0) 100%)\"><\/span><div class=\"wp-block-cover__inner-container is-layout-constrained wp-container-core-cover-is-layout-edcd9cee wp-block-cover-is-layout-constrained\">\n<div class=\"wp-block-group is-vertical is-layout-flex wp-container-core-group-is-layout-0bc941e6 wp-block-group-is-layout-flex\" style=\"min-height:450px\">\n<div style=\"height:263px\" aria-hidden=\"true\" class=\"wp-block-spacer wp-container-content-d578180e\"><\/div>\n\n\n\n<div class=\"wp-block-group is-layout-constrained wp-block-group-is-layout-constrained\">\n<h2 class=\"wp-block-heading has-white-color has-text-color has-link-color wp-elements-584c22cbc46bc94994f68a4786f22492\" style=\"margin-top:0;font-size:clamp(16.293px, 1.018rem + ((1vw - 3.2px) * 0.68), 25px);\"><strong>Buy Colombian coffee with logistical and commercial support<\/strong><\/h2>\n\n\n\n<p class=\"has-white-color has-text-color has-link-color wp-elements-9c7adc8b9a904f5856dfe78ae415304c\" style=\"margin-bottom:30px\">At SIALCI, we connect international buyers, roasters, distributors, and brands with high-quality Colombian coffee, backed by an organized operation, professional support, and solutions tailored to each need. We help you acquire green, roasted, or commercial sample coffee with greater clarity, confidence, and support at every stage of the process.<\/p>\n<\/div>\n\n\n\n<div class=\"wp-block-buttons is-layout-flex wp-block-buttons-is-layout-flex\"><\/div>\n<\/div>\n<\/div><\/div>\n<\/div>\n\n\n\n<div class=\"wp-block-column is-layout-flow wp-block-column-is-layout-flow\">\n<div class=\"wp-block-columns is-layout-flex wp-container-core-columns-is-layout-2709eace wp-block-columns-is-layout-flex\">\n<div class=\"wp-block-column is-layout-flow wp-block-column-is-layout-flow\">\n<figure class=\"wp-block-image size-full has-custom-border\" style=\"margin-bottom:30px\"><img loading=\"lazy\" decoding=\"async\" width=\"1672\" height=\"941\" src=\"https:\/\/sialcisas.com\/wp-content\/uploads\/2026\/04\/el-alcance-de-la-operacion.png\" alt=\"\" class=\"wp-image-1063\" style=\"border-radius:20px;aspect-ratio:4\/3;object-fit:cover\" srcset=\"https:\/\/sialcisas.com\/wp-content\/uploads\/2026\/04\/el-alcance-de-la-operacion.png 1672w, https:\/\/sialcisas.com\/wp-content\/uploads\/2026\/04\/el-alcance-de-la-operacion-300x169.png 300w, https:\/\/sialcisas.com\/wp-content\/uploads\/2026\/04\/el-alcance-de-la-operacion-1024x576.png 1024w, https:\/\/sialcisas.com\/wp-content\/uploads\/2026\/04\/el-alcance-de-la-operacion-768x432.png 768w, https:\/\/sialcisas.com\/wp-content\/uploads\/2026\/04\/el-alcance-de-la-operacion-1536x864.png 1536w\" sizes=\"auto, (max-width: 1672px) 100vw, 1672px\" \/><\/figure>\n\n\n\n<h2 class=\"wp-block-heading has-black-color has-text-color has-link-color has-medium-font-size wp-elements-27c4edad15c7e375e72e61bf7ac7ef94\" style=\"margin-top:0;margin-bottom:10px\"><strong>Coffee options for different business objectives<\/strong><\/h2>\n\n\n\n<p class=\"has-text-color has-link-color wp-elements-65efcb20f27c6f51c100462151703c7c\" style=\"color:#000000a8;margin-bottom:30px\">At SIALCI, we cater to different purchasing needs based on the client's profile and the scope of the operation. We offer alternatives for those looking to validate products, develop business relationships, or move towards larger volume purchases in international markets.<\/p>\n<\/div>\n<\/div>\n<\/div>\n<\/div>\n<\/div>\n\n\n\n<div class=\"wp-block-group alignfull has-white-background-color has-background is-layout-constrained wp-block-group-is-layout-constrained\" style=\"padding-top:1rem;padding-bottom:1rem\">\n<div class=\"wp-block-columns is-layout-flex wp-container-core-columns-is-layout-2709eace wp-block-columns-is-layout-flex\">\n<div class=\"wp-block-column is-layout-flow wp-block-column-is-layout-flow\">\n<div class=\"wp-block-columns is-layout-flex wp-container-core-columns-is-layout-2709eace wp-block-columns-is-layout-flex\">\n<div class=\"wp-block-column is-layout-flow wp-block-column-is-layout-flow\">\n<figure class=\"wp-block-image size-full has-custom-border\" style=\"margin-bottom:30px\"><img loading=\"lazy\" decoding=\"async\" width=\"1672\" height=\"941\" src=\"https:\/\/sialcisas.com\/wp-content\/uploads\/2026\/04\/Cafe-verde.png\" alt=\"\" class=\"wp-image-1068\" style=\"border-radius:20px;aspect-ratio:4\/3;object-fit:cover\" srcset=\"https:\/\/sialcisas.com\/wp-content\/uploads\/2026\/04\/Cafe-verde.png 1672w, https:\/\/sialcisas.com\/wp-content\/uploads\/2026\/04\/Cafe-verde-300x169.png 300w, https:\/\/sialcisas.com\/wp-content\/uploads\/2026\/04\/Cafe-verde-1024x576.png 1024w, https:\/\/sialcisas.com\/wp-content\/uploads\/2026\/04\/Cafe-verde-768x432.png 768w, https:\/\/sialcisas.com\/wp-content\/uploads\/2026\/04\/Cafe-verde-1536x864.png 1536w\" sizes=\"auto, (max-width: 1672px) 100vw, 1672px\" \/><\/figure>\n\n\n\n<h2 class=\"wp-block-heading has-black-color has-text-color has-link-color has-medium-font-size wp-elements-58c8f16ec4d883146d21a54d1f25c9b8\" style=\"margin-top:0;margin-bottom:10px\">Green coffee<\/h2>\n\n\n\n<p class=\"has-text-color has-link-color wp-elements-4ef1f1051470a292c32f5be46ac485a5\" style=\"color:#000000a8;margin-bottom:30px\">Ideal for importers, roasters, and buyers who wish to process the product according to their own standards and market requirements.<\/p>\n<\/div>\n\n\n\n<div class=\"wp-block-column is-layout-flow wp-block-column-is-layout-flow\">\n<figure class=\"wp-block-image size-full has-custom-border\" style=\"margin-bottom:30px\"><img loading=\"lazy\" decoding=\"async\" width=\"1672\" height=\"941\" src=\"https:\/\/sialcisas.com\/wp-content\/uploads\/2026\/04\/Cafe-tostado.png\" alt=\"\" class=\"wp-image-1070\" style=\"border-radius:20px;aspect-ratio:4\/3;object-fit:cover\" srcset=\"https:\/\/sialcisas.com\/wp-content\/uploads\/2026\/04\/Cafe-tostado.png 1672w, https:\/\/sialcisas.com\/wp-content\/uploads\/2026\/04\/Cafe-tostado-300x169.png 300w, https:\/\/sialcisas.com\/wp-content\/uploads\/2026\/04\/Cafe-tostado-1024x576.png 1024w, https:\/\/sialcisas.com\/wp-content\/uploads\/2026\/04\/Cafe-tostado-768x432.png 768w, https:\/\/sialcisas.com\/wp-content\/uploads\/2026\/04\/Cafe-tostado-1536x864.png 1536w\" sizes=\"auto, (max-width: 1672px) 100vw, 1672px\" \/><\/figure>\n\n\n\n<h2 class=\"wp-block-heading has-black-color has-text-color has-link-color has-medium-font-size wp-elements-cb62f6be2da811d28170d204324a8f7c\" style=\"margin-top:0;margin-bottom:10px\"><strong>Roasted coffee<\/strong><\/h2>\n\n\n\n<p class=\"has-text-color has-link-color wp-elements-7b4af9e271ae78b2bb2e3f33b7846a2a\" style=\"color:#000000a8;margin-bottom:30px\">An option designed for clients who wish to receive coffee ready for commercialization or distribution, according to the terms of the operation.<\/p>\n<\/div>\n\n\n\n<div class=\"wp-block-column is-layout-flow wp-block-column-is-layout-flow\">\n<figure class=\"wp-block-image size-full has-custom-border\" style=\"margin-bottom:30px\"><img loading=\"lazy\" decoding=\"async\" width=\"1672\" height=\"941\" src=\"https:\/\/sialcisas.com\/wp-content\/uploads\/2026\/04\/muestras-comerciales.png\" alt=\"\" class=\"wp-image-1072\" style=\"border-radius:20px;aspect-ratio:4\/3;object-fit:cover\" srcset=\"https:\/\/sialcisas.com\/wp-content\/uploads\/2026\/04\/muestras-comerciales.png 1672w, https:\/\/sialcisas.com\/wp-content\/uploads\/2026\/04\/muestras-comerciales-300x169.png 300w, https:\/\/sialcisas.com\/wp-content\/uploads\/2026\/04\/muestras-comerciales-1024x576.png 1024w, https:\/\/sialcisas.com\/wp-content\/uploads\/2026\/04\/muestras-comerciales-768x432.png 768w, https:\/\/sialcisas.com\/wp-content\/uploads\/2026\/04\/muestras-comerciales-1536x864.png 1536w\" sizes=\"auto, (max-width: 1672px) 100vw, 1672px\" \/><\/figure>\n\n\n\n<h2 class=\"wp-block-heading has-black-color has-text-color has-link-color has-medium-font-size wp-elements-8b5b93bc7b74345a5d04020a7fed2758\" style=\"margin-top:0;margin-bottom:10px\"><strong><strong>Commercial samples<\/strong><\/strong><\/h2>\n\n\n\n<p class=\"has-text-color has-link-color wp-elements-938be9fb1ac1025f3d2615d7d1d948af\" style=\"color:#000000a8;margin-bottom:30px\">We facilitate sample shipments for validation processes, tasting, quality evaluation, and initial contact with potential buyers.<\/p>\n<\/div>\n<\/div>\n<\/div>\n<\/div>\n<\/div>","protected":false},"excerpt":{"rendered":"<p>Opciones de caf\u00e9 para distintos objetivos comerciales En SIALCI atendemos diferentes necesidades de compra seg\u00fan el perfil del cliente y el alcance de la operaci\u00f3n. Ofrecemos alternativas para quienes buscan validar producto, desarrollar relaciones comerciales o avanzar hacia compras de mayor volumen en mercados internacionales. Caf\u00e9 verde Ideal para importadores, tostadores y compradores que desean [&hellip;]<\/p>\n","protected":false},"author":1,"featured_media":0,"parent":0,"menu_order":0,"comment_status":"closed","ping_status":"closed","template":"","meta":{"footnotes":""},"class_list":["post-636","page","type-page","status-publish","hentry"],"blocksy_meta":[],"_hostinger_reach_plugin_has_subscription_block":false,"_hostinger_reach_plugin_is_elementor":false,"_links":{"self":[{"href":"https:\/\/sialcisas.com\/en\/wp-json\/wp\/v2\/pages\/636","targetHints":{"allow":["GET"]}}],"collection":[{"href":"https:\/\/sialcisas.com\/en\/wp-json\/wp\/v2\/pages"}],"about":[{"href":"https:\/\/sialcisas.com\/en\/wp-json\/wp\/v2\/types\/page"}],"author":[{"embeddable":true,"href":"https:\/\/sialcisas.com\/en\/wp-json\/wp\/v2\/users\/1"}],"replies":[{"embeddable":true,"href":"https:\/\/sialcisas.com\/en\/wp-json\/wp\/v2\/comments?post=636"}],"version-history":[{"count":8,"href":"https:\/\/sialcisas.com\/en\/wp-json\/wp\/v2\/pages\/636\/revisions"}],"predecessor-version":[{"id":1073,"href":"https:\/\/sialcisas.com\/en\/wp-json\/wp\/v2\/pages\/636\/revisions\/1073"}],"wp:attachment":[{"href":"https:\/\/sialcisas.com\/en\/wp-json\/wp\/v2\/media?parent=636"}],"curies":[{"name":"wp","href":"https:\/\/api.w.org\/{rel}","templated":true}]}}