{"id":638,"date":"2026-04-21T14:09:43","date_gmt":"2026-04-21T14:09:43","guid":{"rendered":"https:\/\/sialcisas.com\/?page_id=638"},"modified":"2026-04-23T17:42:33","modified_gmt":"2026-04-23T17:42:33","slug":"comofunciona","status":"publish","type":"page","link":"https:\/\/sialcisas.com\/en\/comofunciona\/","title":{"rendered":"How it Works"},"content":{"rendered":"<div class=\"wp-block-group alignfull has-white-background-color has-background is-layout-constrained wp-block-group-is-layout-constrained\" style=\"padding-top:0.9rem;padding-bottom:0.9rem\">\n<div class=\"wp-block-columns are-vertically-aligned-center is-layout-flex wp-container-core-columns-is-layout-66fad18a wp-block-columns-is-layout-flex\">\n<div class=\"wp-block-column is-vertically-aligned-center is-layout-flow wp-block-column-is-layout-flow\" style=\"flex-basis:45%\">\n<div class=\"wp-block-columns is-layout-flex wp-container-core-columns-is-layout-2709eace wp-block-columns-is-layout-flex\">\n<div class=\"wp-block-column is-layout-flow wp-block-column-is-layout-flow\">\n<div style=\"height:60px\" aria-hidden=\"true\" class=\"wp-block-spacer ct-hidden-md ct-hidden-sm\"><\/div>\n\n\n\n<figure class=\"wp-block-image size-full has-custom-border\" style=\"margin-bottom:30px\"><img loading=\"lazy\" decoding=\"async\" width=\"1222\" height=\"1125\" src=\"https:\/\/sialcisas.com\/wp-content\/uploads\/2026\/04\/aduanasss.png\" alt=\"\" class=\"wp-image-1043\" style=\"border-radius:20px;aspect-ratio:1;object-fit:cover\" srcset=\"https:\/\/sialcisas.com\/wp-content\/uploads\/2026\/04\/aduanasss.png 1222w, https:\/\/sialcisas.com\/wp-content\/uploads\/2026\/04\/aduanasss-300x276.png 300w, https:\/\/sialcisas.com\/wp-content\/uploads\/2026\/04\/aduanasss-1024x943.png 1024w, https:\/\/sialcisas.com\/wp-content\/uploads\/2026\/04\/aduanasss-768x707.png 768w\" sizes=\"auto, (max-width: 1222px) 100vw, 1222px\" \/><\/figure>\n\n\n\n<figure class=\"wp-block-image size-full has-custom-border\"><img loading=\"lazy\" decoding=\"async\" width=\"847\" height=\"720\" src=\"https:\/\/sialcisas.com\/wp-content\/uploads\/2026\/04\/sialci-sas-.png\" alt=\"\" class=\"wp-image-877\" style=\"border-radius:20px;aspect-ratio:1;object-fit:cover\" srcset=\"https:\/\/sialcisas.com\/wp-content\/uploads\/2026\/04\/sialci-sas-.png 847w, https:\/\/sialcisas.com\/wp-content\/uploads\/2026\/04\/sialci-sas--300x255.png 300w, https:\/\/sialcisas.com\/wp-content\/uploads\/2026\/04\/sialci-sas--768x653.png 768w\" sizes=\"auto, (max-width: 847px) 100vw, 847px\" \/><\/figure>\n<\/div>\n\n\n\n<div class=\"wp-block-column is-layout-flow wp-block-column-is-layout-flow\">\n<figure class=\"wp-block-image size-full has-custom-border\" style=\"margin-bottom:30px\"><img loading=\"lazy\" decoding=\"async\" width=\"783\" height=\"720\" src=\"https:\/\/sialcisas.com\/wp-content\/uploads\/2026\/04\/form.png\" alt=\"\" class=\"wp-image-1009\" style=\"border-radius:20px;aspect-ratio:1;object-fit:cover\" srcset=\"https:\/\/sialcisas.com\/wp-content\/uploads\/2026\/04\/form.png 783w, https:\/\/sialcisas.com\/wp-content\/uploads\/2026\/04\/form-300x276.png 300w, https:\/\/sialcisas.com\/wp-content\/uploads\/2026\/04\/form-768x706.png 768w\" sizes=\"auto, (max-width: 783px) 100vw, 783px\" \/><\/figure>\n\n\n\n<figure class=\"wp-block-image size-full has-custom-border\"><img loading=\"lazy\" decoding=\"async\" width=\"1122\" height=\"1402\" src=\"https:\/\/sialcisas.com\/wp-content\/uploads\/2026\/04\/contacteno.png\" alt=\"\" class=\"wp-image-1026\" style=\"border-radius:20px;aspect-ratio:1;object-fit:cover\" srcset=\"https:\/\/sialcisas.com\/wp-content\/uploads\/2026\/04\/contacteno.png 1122w, https:\/\/sialcisas.com\/wp-content\/uploads\/2026\/04\/contacteno-240x300.png 240w, https:\/\/sialcisas.com\/wp-content\/uploads\/2026\/04\/contacteno-819x1024.png 819w, https:\/\/sialcisas.com\/wp-content\/uploads\/2026\/04\/contacteno-768x960.png 768w\" sizes=\"auto, (max-width: 1122px) 100vw, 1122px\" \/><\/figure>\n<\/div>\n<\/div>\n<\/div>\n\n\n\n<div class=\"wp-block-column is-vertically-aligned-center is-layout-flow wp-block-column-is-layout-flow\">\n<h1 class=\"wp-block-heading has-black-color has-text-color has-link-color wp-elements-4f9cbc831a7107f8dd59eba6f4cbac0a\" style=\"margin-bottom:20px;font-size:clamp(21.536px, 1.346rem + ((1vw - 3.2px) * 1.052), 35px);font-style:normal;font-weight:800;line-height:1.2\">We understand your need and the objective of your export.<\/h1>\n\n\n\n<p class=\"has-black-color has-text-color has-link-color has-medium-font-size wp-elements-40e475f475fae03fafe446524ff95111\" style=\"border-bottom-color:#0000001f;border-bottom-style:solid;border-bottom-width:1px;margin-bottom:40px;padding-bottom:40px\">Every process begins with a clear conversation about your operation. At SIALCI, we analyze the type of coffee you wish to export, the volume, the destination, the most convenient modality, and the commercial objective of the operation. This first stage allows us to understand what your business truly needs and define a work plan tailored to your product, your buyer, and international market conditions. Our purpose is to give you clarity from the start so you can make decisions with greater confidence and support.<\/p>\n<\/div>\n<\/div>\n<\/div>\n\n\n\n<div class=\"wp-block-group alignfull has-white-background-color has-background is-layout-constrained wp-block-group-is-layout-constrained\" style=\"padding-top:7rem;padding-bottom:7rem\">\n<div class=\"wp-block-columns are-vertically-aligned-center is-layout-flex wp-container-core-columns-is-layout-057bf1b1 wp-block-columns-is-layout-flex\">\n<div class=\"wp-block-column is-vertically-aligned-center is-layout-flow wp-block-column-is-layout-flow\" style=\"flex-basis:60%\">\n<div class=\"wp-block-group is-nowrap is-layout-flex wp-container-core-group-is-layout-6c531013 wp-block-group-is-layout-flex\">\n<div class=\"wp-block-group is-layout-constrained wp-block-group-is-layout-constrained\">\n<h5 class=\"wp-block-heading has-black-color has-text-color has-link-color wp-elements-2369dc9d5872ee61c4a3e02ae6859bda\" style=\"margin-top:0px;margin-bottom:5px;font-size:clamp(18.959px, 1.185rem + ((1vw - 3.2px) * 0.863), 30px);\">We define requirements, documentation, and operational feasibility.<\/h5>\n\n\n\n<p class=\"has-text-color has-link-color has-medium-font-size wp-elements-4a0227dceabaa260e33605ea9cf5598b\" style=\"color:#0000009c;font-style:normal;font-weight:500\">With the operation already structured, we move forward with the logistical coordination of the shipment. In this phase, we define whether the best alternative is courier, air freight, or sea freight, organize internal transport if required, and oversee aspects related to the product's packing, packaging, and preparation for export. Our work aims to ensure every detail is aligned with the operation's needs, taking care of timelines, shipping conditions, and documentary support. This way, the client does not face the process alone but with clear guidance and more articulated management.<\/p>\n<\/div>\n<\/div>\n<\/div>\n\n\n\n<div class=\"wp-block-column is-vertically-aligned-center is-layout-flow wp-block-column-is-layout-flow\">\n<figure class=\"wp-block-image size-full has-custom-border\"><img loading=\"lazy\" decoding=\"async\" width=\"1536\" height=\"1024\" src=\"https:\/\/sialcisas.com\/wp-content\/uploads\/2026\/04\/Outsourcing.png\" alt=\"\" class=\"wp-image-1051\" style=\"border-radius:20px;aspect-ratio:3\/4;object-fit:cover\" srcset=\"https:\/\/sialcisas.com\/wp-content\/uploads\/2026\/04\/Outsourcing.png 1536w, https:\/\/sialcisas.com\/wp-content\/uploads\/2026\/04\/Outsourcing-300x200.png 300w, https:\/\/sialcisas.com\/wp-content\/uploads\/2026\/04\/Outsourcing-1024x683.png 1024w, https:\/\/sialcisas.com\/wp-content\/uploads\/2026\/04\/Outsourcing-768x512.png 768w\" sizes=\"auto, (max-width: 1536px) 100vw, 1536px\" \/><\/figure>\n<\/div>\n<\/div>\n\n\n\n<div class=\"wp-block-columns are-vertically-aligned-center is-layout-flex wp-container-core-columns-is-layout-057bf1b1 wp-block-columns-is-layout-flex\">\n<div class=\"wp-block-column is-vertically-aligned-center is-layout-flow wp-block-column-is-layout-flow\">\n<figure class=\"wp-block-image size-full has-custom-border\"><img loading=\"lazy\" decoding=\"async\" width=\"1536\" height=\"1024\" src=\"https:\/\/sialcisas.com\/wp-content\/uploads\/2026\/04\/Soporte-integral-para-exportacion-segura.png\" alt=\"\" class=\"wp-image-801\" style=\"border-radius:20px;aspect-ratio:3\/4;object-fit:cover\" srcset=\"https:\/\/sialcisas.com\/wp-content\/uploads\/2026\/04\/Soporte-integral-para-exportacion-segura.png 1536w, https:\/\/sialcisas.com\/wp-content\/uploads\/2026\/04\/Soporte-integral-para-exportacion-segura-300x200.png 300w, https:\/\/sialcisas.com\/wp-content\/uploads\/2026\/04\/Soporte-integral-para-exportacion-segura-1024x683.png 1024w, https:\/\/sialcisas.com\/wp-content\/uploads\/2026\/04\/Soporte-integral-para-exportacion-segura-768x512.png 768w\" sizes=\"auto, (max-width: 1536px) 100vw, 1536px\" \/><\/figure>\n<\/div>\n\n\n\n<div class=\"wp-block-column is-vertically-aligned-center is-layout-flow wp-block-column-is-layout-flow\" style=\"flex-basis:60%\">\n<div class=\"wp-block-group is-nowrap is-layout-flex wp-container-core-group-is-layout-6c531013 wp-block-group-is-layout-flex\">\n<div class=\"wp-block-group is-layout-constrained wp-block-group-is-layout-constrained\">\n<h5 class=\"wp-block-heading has-black-color has-text-color has-link-color wp-elements-e9bc1d5433fb536b8640e8e53d5d0481\" style=\"margin-top:0px;margin-bottom:5px;font-size:clamp(18.959px, 1.185rem + ((1vw - 3.2px) * 0.863), 30px);\">We follow up and accompany every stage of the operation<\/h5>\n\n\n\n<p class=\"has-text-color has-link-color has-medium-font-size wp-elements-66f94af180f26ee960b4ffb258e2ffca\" style=\"color:#0000009c;font-style:normal;font-weight:500\">For us, exporting is not just shipping a product, but accompanying a process that must generate trust and commercial projection. That is why we maintain follow-up on operations, resolve concerns, and provide support during the key stages of the export process. This approach allows our clients to feel supported, better understand what is happening, and strengthen their capacity to develop future operations with greater order and security. At SIALCI, we seek for each export to also be an opportunity for growth and learning for the business.<\/p>\n<\/div>\n<\/div>\n<\/div>\n<\/div>\n<\/div>\n\n\n\n<div class=\"wp-block-group alignfull has-black-background-color has-background is-layout-constrained wp-block-group-is-layout-constrained\" style=\"padding-top:7rem;padding-bottom:7rem\">\n<h1 class=\"wp-block-heading has-text-align-center has-white-color has-text-color has-link-color has-x-large-font-size wp-elements-40d66a7dc9571ece9879e8b218402123\" style=\"margin-top:0;margin-bottom:20px;font-style:normal;font-weight:800;line-height:1.2\"><strong>How does our export process work<\/strong><\/h1>\n\n\n\n<p class=\"has-text-align-center has-white-color has-text-color has-link-color has-large-font-size wp-elements-d04a8e549c4778e6be7bd594059422c0\" style=\"margin-bottom:20px;font-style:normal;font-weight:500\">At SIALCI, we support the export of coffee products.<\/p>\n\n\n\n<p class=\"has-text-align-center has-white-color has-text-color has-link-color has-medium-font-size wp-elements-98d831fe992922716a6f4403fab93fd6\" style=\"margin-bottom:var(--wp--preset--spacing--80)\">with a clear, organized process tailored to each operation. From initial analysis to logistical and documentary coordination, we work to ensure our clients understand each stage and proceed with greater confidence in international markets. <strong>Do you want to export your coffee with greater clarity and support?<\/strong>  <strong>Contact us and let's talk about your operation.<\/strong><\/p>\n\n\n\n<p><\/p>\n\n\n\n<p><\/p>\n<\/div>\n\n\n\n<p><\/p>","protected":false},"excerpt":{"rendered":"<p>Entendemos tu necesidad y el objetivo de tu exportaci\u00f3n Todo proceso comienza con una conversaci\u00f3n clara sobre tu operaci\u00f3n. En SIALCI analizamos el tipo de caf\u00e9 que deseas exportar, el volumen, el destino, la modalidad m\u00e1s conveniente y el objetivo comercial de la operaci\u00f3n. Esta primera etapa nos permite comprender qu\u00e9 necesita realmente tu negocio [&hellip;]<\/p>\n","protected":false},"author":1,"featured_media":0,"parent":0,"menu_order":0,"comment_status":"closed","ping_status":"closed","template":"","meta":{"footnotes":""},"class_list":["post-638","page","type-page","status-publish","hentry"],"blocksy_meta":[],"_hostinger_reach_plugin_has_subscription_block":false,"_hostinger_reach_plugin_is_elementor":false,"_links":{"self":[{"href":"https:\/\/sialcisas.com\/en\/wp-json\/wp\/v2\/pages\/638","targetHints":{"allow":["GET"]}}],"collection":[{"href":"https:\/\/sialcisas.com\/en\/wp-json\/wp\/v2\/pages"}],"about":[{"href":"https:\/\/sialcisas.com\/en\/wp-json\/wp\/v2\/types\/page"}],"author":[{"embeddable":true,"href":"https:\/\/sialcisas.com\/en\/wp-json\/wp\/v2\/users\/1"}],"replies":[{"embeddable":true,"href":"https:\/\/sialcisas.com\/en\/wp-json\/wp\/v2\/comments?post=638"}],"version-history":[{"count":10,"href":"https:\/\/sialcisas.com\/en\/wp-json\/wp\/v2\/pages\/638\/revisions"}],"predecessor-version":[{"id":1058,"href":"https:\/\/sialcisas.com\/en\/wp-json\/wp\/v2\/pages\/638\/revisions\/1058"}],"wp:attachment":[{"href":"https:\/\/sialcisas.com\/en\/wp-json\/wp\/v2\/media?parent=638"}],"curies":[{"name":"wp","href":"https:\/\/api.w.org\/{rel}","templated":true}]}}